{"id":10709,"date":"2014-11-19T15:14:03","date_gmt":"2014-11-19T15:14:03","guid":{"rendered":"http:\/\/avada.theme-fusion.comxml\/?page_id=10709"},"modified":"2020-10-05T08:30:22","modified_gmt":"2020-10-05T08:30:22","slug":"home-3","status":"publish","type":"page","link":"https:\/\/help.epafs.tesicnor.com\/","title":{"rendered":"Home"},"content":{"rendered":"<div class=\"fusion-fullwidth fullwidth-box nonhundred-percent-fullwidth non-hundred-percent-height-scrolling\"  style='background-color: rgba(255,255,255,0);background-position: center center;background-repeat: no-repeat;padding-top:0px;padding-right:0px;padding-bottom:0px;padding-left:0px;margin-top: 20px;'><div class=\"fusion-builder-row fusion-row \"><div  class=\"fusion-layout-column fusion_builder_column fusion_builder_column_1_1 fusion-builder-column-1 fusion-one-full fusion-column-first fusion-column-last 1_1\"  style='margin-top:0px;margin-bottom:0px;'>\n\t\t\t\t\t<div class=\"fusion-column-wrapper\" style=\"padding: 0px 0px 0px 0px;background-position:left top;background-repeat:no-repeat;-webkit-background-size:cover;-moz-background-size:cover;-o-background-size:cover;background-size:cover;\"   data-bg-url=\"\">\n\t\t\t\t\t\t<div class=\"imageframe-align-center\"><span class=\"fusion-imageframe imageframe-none imageframe-1 hover-type-none\"><img loading=\"lazy\" src=\"\/wp-content\/uploads\/2019\/05\/comillas_peq.png\" width=\"\" height=\"\" alt=\"#\" title=\"comillas_peq\" class=\"img-responsive wp-image-14926\"\/><\/span><\/div><div class=\"fusion-title title fusion-title-1 fusion-sep-none fusion-title-center fusion-title-size-one\" style=\"margin-top:10px;margin-bottom:31px;\"><h1 class=\"title-heading-center\" style=\"margin:0;\"><h1 style=\"text-align: center; font-size: 40px;\">Manuales EPAFS: Aplicaci\u00f3n de procedimientos el\u00e9ctricos y estudios de arco el\u00e9ctrico<\/h1><\/h1><\/div><div class=\"fusion-clearfix\"><\/div>\n\n\t\t\t\t\t<\/div>\n\t\t\t\t<\/div><div  class=\"fusion-layout-column fusion_builder_column fusion_builder_column_1_2 fusion-builder-column-2 fusion-one-half fusion-column-first fusion-column-inner-bg-wrapper 1_2\"  style='margin-top:0px;margin-bottom:20px;width:50%;width:calc(50% - ( ( 4% ) * 0.5 ) );margin-right: 4%;'>\n\t\t\t\t\t<div class=\"fusion-column-wrapper\" style=\"padding: 0px 0px 0px 0px;\" data-bg-url=\"\">\n\t\t\t\t\t\t<div class=\"imageframe-align-center\"><span class=\"fusion-imageframe imageframe-none imageframe-2 hover-type-zoomin\"><a class=\"fusion-no-lightbox\" href=\"https:\/\/help.epafs.tesicnor.com\/index.php\/primeros-pasos\/\" target=\"_self\" aria-label=\"1a_naranja\"><img loading=\"lazy\" src=\"http:\/\/help.epafs.tesicnor.com\/wp-content\/uploads\/2019\/05\/1a_naranja.png\" width=\"\" height=\"\" alt=\"#\" class=\"img-responsive wp-image-14923\" srcset=\"https:\/\/help.epafs.tesicnor.com\/wp-content\/uploads\/2019\/05\/1a_naranja-200x134.png 200w, https:\/\/help.epafs.tesicnor.com\/wp-content\/uploads\/2019\/05\/1a_naranja.png 259w\" sizes=\"(max-width: 800px) 100vw, 259px\" \/><\/a><\/span><\/div><div class=\"fusion-title title fusion-title-2 fusion-sep-none fusion-title-center fusion-title-size-one\" style=\"margin-top:15px;margin-bottom:0px;\"><h1 class=\"title-heading-center\" style=\"margin:0;\"><h1 style=\"text-align: center;\"><span style=\"color: #113d4f;\">Primeros pasos<\/span><\/h1><\/h1><\/div><div class=\"fusion-text\"><p style=\"text-align: center;\">Primeros pasos de como utilizar la aplicaci\u00f3n.<\/p>\n<\/div><div class=\"fusion-clearfix\"><\/div>\n\t\t\t\t\t<\/div><span class=\"fusion-column-inner-bg hover-type-zoomin\" >\n\t\t\t\t\t\t<a href=\"https:\/\/help.epafs.tesicnor.com\/index.php\/primeros-pasos\/\" aria-label=\"\">\n\t\t\t\t\t\t\t<span class=\"fusion-column-inner-bg-image\"  style=\"background-position:left top;background-repeat:no-repeat;-webkit-background-size:cover;-moz-background-size:cover;-o-background-size:cover;background-size:cover;\"><\/span><\/a>\n\t\t\t\t\t<\/span>\n\t\t\t\t<\/div><div  class=\"fusion-layout-column fusion_builder_column fusion_builder_column_1_2 fusion-builder-column-3 fusion-one-half fusion-column-last fusion-column-inner-bg-wrapper 1_2\"  style='margin-top:0px;margin-bottom:20px;width:50%;width:calc(50% - ( ( 4% ) * 0.5 ) );'>\n\t\t\t\t\t<div class=\"fusion-column-wrapper\" style=\"padding: 0px 0px 0px 0px;\" data-bg-url=\"\">\n\t\t\t\t\t\t<div class=\"imageframe-align-center\"><span class=\"fusion-imageframe imageframe-none imageframe-3 hover-type-zoomin\"><a class=\"fusion-no-lightbox\" href=\"https:\/\/help.epafs.tesicnor.com\/index.php\/manual-de-usuario\/\" target=\"_self\" aria-label=\"3a_naranja\"><img loading=\"lazy\" src=\"\/wp-content\/uploads\/2019\/05\/3a_naranja.png\" width=\"\" height=\"\" alt=\"\" class=\"img-responsive wp-image-14924\" srcset=\"https:\/\/help.epafs.tesicnor.com\/wp-content\/uploads\/2019\/05\/3a_naranja-200x134.png 200w, https:\/\/help.epafs.tesicnor.com\/wp-content\/uploads\/2019\/05\/3a_naranja.png 259w\" sizes=\"(max-width: 800px) 100vw, 259px\" \/><\/a><\/span><\/div><div class=\"fusion-title title fusion-title-3 fusion-sep-none fusion-title-center fusion-title-size-one\" style=\"margin-top:15px;margin-bottom:0px;\"><h1 class=\"title-heading-center\" style=\"margin:0;\"><h1 style=\"text-align: center;\"><span style=\"color: #113d4f;\">Web<\/span><\/h1><\/h1><\/div><div class=\"fusion-text\"><p style=\"text-align: center;\">Manual de uso de administrador del uso de la aplicaci\u00f3n web.<\/p>\n<\/div><div class=\"fusion-clearfix\"><\/div>\n\t\t\t\t\t<\/div><span class=\"fusion-column-inner-bg hover-type-zoomin\" >\n\t\t\t\t\t\t<a href=\"https:\/\/help.epafs.tesicnor.com\/index.php\/manual-de-usuario\/\" aria-label=\"\">\n\t\t\t\t\t\t\t<span class=\"fusion-column-inner-bg-image\"  style=\"background-position:left top;background-repeat:no-repeat;-webkit-background-size:cover;-moz-background-size:cover;-o-background-size:cover;background-size:cover;\"><\/span><\/a>\n\t\t\t\t\t<\/span>\n\t\t\t\t<\/div><\/div><\/div>\n","protected":false},"excerpt":{"rendered":"","protected":false},"author":1,"featured_media":0,"parent":0,"menu_order":0,"comment_status":"closed","ping_status":"closed","template":"100-width.php","meta":[],"_links":{"self":[{"href":"https:\/\/help.epafs.tesicnor.com\/index.php\/wp-json\/wp\/v2\/pages\/10709"}],"collection":[{"href":"https:\/\/help.epafs.tesicnor.com\/index.php\/wp-json\/wp\/v2\/pages"}],"about":[{"href":"https:\/\/help.epafs.tesicnor.com\/index.php\/wp-json\/wp\/v2\/types\/page"}],"author":[{"embeddable":true,"href":"https:\/\/help.epafs.tesicnor.com\/index.php\/wp-json\/wp\/v2\/users\/1"}],"replies":[{"embeddable":true,"href":"https:\/\/help.epafs.tesicnor.com\/index.php\/wp-json\/wp\/v2\/comments?post=10709"}],"version-history":[{"count":219,"href":"https:\/\/help.epafs.tesicnor.com\/index.php\/wp-json\/wp\/v2\/pages\/10709\/revisions"}],"predecessor-version":[{"id":15434,"href":"https:\/\/help.epafs.tesicnor.com\/index.php\/wp-json\/wp\/v2\/pages\/10709\/revisions\/15434"}],"wp:attachment":[{"href":"https:\/\/help.epafs.tesicnor.com\/index.php\/wp-json\/wp\/v2\/media?parent=10709"}],"curies":[{"name":"wp","href":"https:\/\/api.w.org\/{rel}","templated":true}]}}