{"id":13359,"date":"2017-07-05T10:05:01","date_gmt":"2017-07-05T10:05:01","guid":{"rendered":"http:\/\/help.epafs.tesicnor.com\/?page_id=13359"},"modified":"2020-07-08T12:58:17","modified_gmt":"2020-07-08T12:58:17","slug":"2-activacion-de-la-cuenta","status":"publish","type":"page","link":"https:\/\/help.epafs.tesicnor.com\/index.php\/primeros-pasos\/2-activacion-de-la-cuenta\/","title":{"rendered":"2. Activaci\u00f3n de la cuenta"},"content":{"rendered":"<div class=\"fusion-fullwidth fullwidth-box nonhundred-percent-fullwidth non-hundred-percent-height-scrolling\"  style='background-color: rgba(255,255,255,0);background-position: center center;background-repeat: no-repeat;padding-top:0px;padding-right:0px;padding-bottom:0px;padding-left:0px;margin-top: 30px;'><div class=\"fusion-builder-row fusion-row \"><div  class=\"fusion-layout-column fusion_builder_column fusion_builder_column_1_1 fusion-builder-column-1 fusion-one-full fusion-column-first fusion-column-last fusion-blend-mode 1_1\"  style='margin-top:0px;margin-bottom:20px;'>\n\t\t\t\t\t<div class=\"fusion-column-wrapper\" style=\"background-color:#f2f2f2;padding: 10px 0px 0px 10px;background-position:left top;background-repeat:no-repeat;-webkit-background-size:cover;-moz-background-size:cover;-o-background-size:cover;background-size:cover;\"   data-bg-url=\"\">\n\t\t\t\t\t\t<div class=\"fusion-title title fusion-title-1 fusion-sep-none fusion-title-size-one\" style=\"margin-top:0px;margin-bottom:9px;\"><h1 class=\"title-heading-left\" style=\"margin:0;\"><p><strong>2. ACTIVACI\u00d3N DE LA CUENTA<br \/>\n<\/strong><\/p><\/h1><\/div><div class=\"fusion-clearfix\"><\/div>\n\n\t\t\t\t\t<\/div>\n\t\t\t\t<\/div><div  class=\"fusion-layout-column fusion_builder_column fusion_builder_column_1_1 fusion-builder-column-2 fusion-one-full fusion-column-first fusion-column-last fusion-blend-mode 1_1\"  style='margin-top:0px;margin-bottom:0px;'>\n\t\t\t\t\t<div class=\"fusion-column-wrapper\" style=\"background-color:rgba(0,61,80,0);padding: 0px 0px 0px 0px;background-position:left top;background-repeat:no-repeat;-webkit-background-size:cover;-moz-background-size:cover;-o-background-size:cover;background-size:cover;\"   data-bg-url=\"\">\n\t\t\t\t\t\t<div class=\"fusion-text\"><p>Cuando un administrador de la aplicaci\u00f3n cree un nuevo usuario, si \u00e9ste tieme email, le llegar\u00e1 un correo con el enlace para la activaci\u00f3n de la cuenta. Al pulsar en el enlace, llevar\u00e1 a un navegador donde se mostrar\u00e1 la vista para que el nuevo usuario elija contrase\u00f1a.<\/p>\n<\/div><div class=\"fusion-clearfix\"><\/div>\n\n\t\t\t\t\t<\/div>\n\t\t\t\t<\/div><div  class=\"fusion-layout-column fusion_builder_column fusion_builder_column_1_2 fusion-builder-column-3 fusion-one-half fusion-column-first fusion-blend-mode 1_2\"  style='margin-top:0px;margin-bottom:0px;width:50%;width:calc(50% - ( ( 4% ) * 0.5 ) );margin-right: 4%;'>\n\t\t\t\t\t<div class=\"fusion-column-wrapper\" style=\"background-color:rgba(0,61,80,0);padding: 0px 0px 20px 0px;background-position:left top;background-repeat:no-repeat;-webkit-background-size:cover;-moz-background-size:cover;-o-background-size:cover;background-size:cover;\"   data-bg-url=\"\">\n\t\t\t\t\t\t<div class=\"imageframe-align-center\"><span class=\"fusion-imageframe imageframe-none imageframe-1 hover-type-none\"><img loading=\"lazy\" src=\"http:\/\/help.epafs.tesicnor.com\/wp-content\/uploads\/2020\/07\/email_bienvenida-300x190.png\" width=\"300\" height=\"190\" alt=\"\" title=\"email_bienvenida\" class=\"img-responsive wp-image-15315\" srcset=\"https:\/\/help.epafs.tesicnor.com\/wp-content\/uploads\/2020\/07\/email_bienvenida-200x127.png 200w, https:\/\/help.epafs.tesicnor.com\/wp-content\/uploads\/2020\/07\/email_bienvenida-400x254.png 400w, https:\/\/help.epafs.tesicnor.com\/wp-content\/uploads\/2020\/07\/email_bienvenida.png 571w\" sizes=\"(max-width: 800px) 100vw, 300px\" \/><\/span><\/div><div class=\"fusion-clearfix\"><\/div>\n\n\t\t\t\t\t<\/div>\n\t\t\t\t<\/div><div  class=\"fusion-layout-column fusion_builder_column fusion_builder_column_1_2 fusion-builder-column-4 fusion-one-half fusion-column-last fusion-blend-mode 1_2\"  style='margin-top:0px;margin-bottom:0px;width:50%;width:calc(50% - ( ( 4% ) * 0.5 ) );'>\n\t\t\t\t\t<div class=\"fusion-column-wrapper\" style=\"background-color:rgba(0,61,80,0);padding: 0px 0px 20px 0px;background-position:left top;background-repeat:no-repeat;-webkit-background-size:cover;-moz-background-size:cover;-o-background-size:cover;background-size:cover;\"   data-bg-url=\"\">\n\t\t\t\t\t\t<div class=\"imageframe-align-center\"><span class=\"fusion-imageframe imageframe-none imageframe-2 hover-type-none\"><img loading=\"lazy\" src=\"http:\/\/help.epafs.tesicnor.com\/wp-content\/uploads\/2020\/07\/restablecer_contrasena-300x298.png\" width=\"300\" height=\"298\" alt=\"\" title=\"restablecer_contrasena\" class=\"img-responsive wp-image-15314\" srcset=\"https:\/\/help.epafs.tesicnor.com\/wp-content\/uploads\/2020\/07\/restablecer_contrasena-200x199.png 200w, https:\/\/help.epafs.tesicnor.com\/wp-content\/uploads\/2020\/07\/restablecer_contrasena-400x397.png 400w, https:\/\/help.epafs.tesicnor.com\/wp-content\/uploads\/2020\/07\/restablecer_contrasena.png 455w\" sizes=\"(max-width: 800px) 100vw, 300px\" \/><\/span><\/div><div class=\"fusion-clearfix\"><\/div>\n\n\t\t\t\t\t<\/div>\n\t\t\t\t<\/div><div  class=\"fusion-layout-column fusion_builder_column fusion_builder_column_1_1 fusion-builder-column-5 fusion-one-full fusion-column-first fusion-column-last fusion-blend-mode 1_1\"  style='margin-top:0px;margin-bottom:0px;'>\n\t\t\t\t\t<div class=\"fusion-column-wrapper\" style=\"background-color:rgba(0,61,80,0);padding: 0px 0px 0px 0px;background-position:left top;background-repeat:no-repeat;-webkit-background-size:cover;-moz-background-size:cover;-o-background-size:cover;background-size:cover;\"   data-bg-url=\"\">\n\t\t\t\t\t\t<div class=\"fusion-text\"><p>La contrase\u00f1a deber\u00e1 tener al menos 6 caracteres de longitud. Tras completarlo, el nuevo usuario podr\u00e1 acceder a la aplicaci\u00f3n con su nueva contrase\u00f1a.<\/p>\n<\/div><div class=\"fusion-clearfix\"><\/div>\n\n\t\t\t\t\t<\/div>\n\t\t\t\t<\/div><\/div><\/div>\n","protected":false},"excerpt":{"rendered":"","protected":false},"author":1,"featured_media":0,"parent":14849,"menu_order":0,"comment_status":"closed","ping_status":"closed","template":"side-navigation.php","meta":[],"_links":{"self":[{"href":"https:\/\/help.epafs.tesicnor.com\/index.php\/wp-json\/wp\/v2\/pages\/13359"}],"collection":[{"href":"https:\/\/help.epafs.tesicnor.com\/index.php\/wp-json\/wp\/v2\/pages"}],"about":[{"href":"https:\/\/help.epafs.tesicnor.com\/index.php\/wp-json\/wp\/v2\/types\/page"}],"author":[{"embeddable":true,"href":"https:\/\/help.epafs.tesicnor.com\/index.php\/wp-json\/wp\/v2\/users\/1"}],"replies":[{"embeddable":true,"href":"https:\/\/help.epafs.tesicnor.com\/index.php\/wp-json\/wp\/v2\/comments?post=13359"}],"version-history":[{"count":26,"href":"https:\/\/help.epafs.tesicnor.com\/index.php\/wp-json\/wp\/v2\/pages\/13359\/revisions"}],"predecessor-version":[{"id":15317,"href":"https:\/\/help.epafs.tesicnor.com\/index.php\/wp-json\/wp\/v2\/pages\/13359\/revisions\/15317"}],"up":[{"embeddable":true,"href":"https:\/\/help.epafs.tesicnor.com\/index.php\/wp-json\/wp\/v2\/pages\/14849"}],"wp:attachment":[{"href":"https:\/\/help.epafs.tesicnor.com\/index.php\/wp-json\/wp\/v2\/media?parent=13359"}],"curies":[{"name":"wp","href":"https:\/\/api.w.org\/{rel}","templated":true}]}}