{"id":14930,"date":"2019-08-21T12:01:26","date_gmt":"2019-08-21T12:01:26","guid":{"rendered":"http:\/\/help.epafs.tesicnor.com\/?page_id=14930"},"modified":"2020-07-09T09:38:16","modified_gmt":"2020-07-09T09:38:16","slug":"1-1-listado-de-usuarios","status":"publish","type":"page","link":"https:\/\/help.epafs.tesicnor.com\/index.php\/manual-de-usuario\/1-gestion-de-usuarios\/1-1-listado-de-usuarios\/","title":{"rendered":"1.1 Listado de usuarios"},"content":{"rendered":"<div class=\"fusion-fullwidth fullwidth-box nonhundred-percent-fullwidth non-hundred-percent-height-scrolling\"  style='background-color: rgba(255,255,255,0);background-position: center center;background-repeat: no-repeat;padding-top:0px;padding-right:0px;padding-bottom:0px;padding-left:0px;margin-top: 30px;'><div class=\"fusion-builder-row fusion-row \"><div  class=\"fusion-layout-column fusion_builder_column fusion_builder_column_1_1 fusion-builder-column-1 fusion-one-full fusion-column-first fusion-column-last fusion-blend-mode 1_1\"  style='margin-top:0px;margin-bottom:20px;'>\n\t\t\t\t\t<div class=\"fusion-column-wrapper\" style=\"background-color:#f2f2f2;padding: 10px 0px 0px 10px;background-position:left top;background-repeat:no-repeat;-webkit-background-size:cover;-moz-background-size:cover;-o-background-size:cover;background-size:cover;\"   data-bg-url=\"\">\n\t\t\t\t\t\t<div class=\"fusion-title title fusion-title-1 fusion-sep-none fusion-title-size-one\" style=\"margin-top:0px;margin-bottom:9px;\"><h1 class=\"title-heading-left\" style=\"margin:0;\"><p><strong>1.1 Listado de usuarios<br \/>\n<\/strong><\/p><\/h1><\/div><div class=\"fusion-clearfix\"><\/div>\n\n\t\t\t\t\t<\/div>\n\t\t\t\t<\/div><div  class=\"fusion-layout-column fusion_builder_column fusion_builder_column_1_1 fusion-builder-column-2 fusion-one-full fusion-column-first fusion-column-last fusion-blend-mode 1_1\"  style='margin-top:0px;margin-bottom:0px;'>\n\t\t\t\t\t<div class=\"fusion-column-wrapper\" style=\"background-color:rgba(0,61,80,0);padding: 0px 0px 0px 0px;background-position:left top;background-repeat:no-repeat;-webkit-background-size:cover;-moz-background-size:cover;-o-background-size:cover;background-size:cover;\"   data-bg-url=\"\">\n\t\t\t\t\t\t<div class=\"fusion-text\"><p>Se puede acceder a la secci\u00f3n de usuarios desde el men\u00fa superior. En esta pantalla se puede ver el listado de todos los usuarios de la aplicaci\u00f3n.<\/p>\n<\/div><div class=\"fusion-clearfix\"><\/div>\n\n\t\t\t\t\t<\/div>\n\t\t\t\t<\/div><div  class=\"fusion-layout-column fusion_builder_column fusion_builder_column_1_1 fusion-builder-column-3 fusion-one-full fusion-column-first fusion-column-last fusion-blend-mode 1_1\"  style='margin-top:0px;margin-bottom:0px;'>\n\t\t\t\t\t<div class=\"fusion-column-wrapper\" style=\"background-color:rgba(0,61,80,0);padding: 0px 0px 20px 0px;background-position:left top;background-repeat:no-repeat;-webkit-background-size:cover;-moz-background-size:cover;-o-background-size:cover;background-size:cover;\"   data-bg-url=\"\">\n\t\t\t\t\t\t<span class=\"fusion-imageframe imageframe-none imageframe-1 hover-type-none\"><img loading=\"lazy\" src=\"http:\/\/help.epafs.tesicnor.com\/wp-content\/uploads\/2020\/07\/login-1.png\" width=\"\" height=\"\" alt=\"\" title=\"login\" class=\"img-responsive wp-image-15297\" srcset=\"https:\/\/help.epafs.tesicnor.com\/wp-content\/uploads\/2020\/07\/login-1-200x38.png 200w, https:\/\/help.epafs.tesicnor.com\/wp-content\/uploads\/2020\/07\/login-1-400x76.png 400w, https:\/\/help.epafs.tesicnor.com\/wp-content\/uploads\/2020\/07\/login-1-600x115.png 600w, https:\/\/help.epafs.tesicnor.com\/wp-content\/uploads\/2020\/07\/login-1.png 681w\" sizes=\"(max-width: 800px) 100vw, 681px\" \/><\/span><div class=\"fusion-clearfix\"><\/div>\n\n\t\t\t\t\t<\/div>\n\t\t\t\t<\/div><div  class=\"fusion-layout-column fusion_builder_column fusion_builder_column_1_1 fusion-builder-column-4 fusion-one-full fusion-column-first fusion-column-last fusion-blend-mode 1_1\"  style='margin-top:0px;margin-bottom:0px;'>\n\t\t\t\t\t<div class=\"fusion-column-wrapper\" style=\"background-color:rgba(0,61,80,0);padding: 0px 0px 0px 0px;background-position:left top;background-repeat:no-repeat;-webkit-background-size:cover;-moz-background-size:cover;-o-background-size:cover;background-size:cover;\"   data-bg-url=\"\">\n\t\t\t\t\t\t<div class=\"fusion-text\"><p>Desde esta pantalla se pueden crear, eliminar o modificar los permisos de los usuarios existentes.<\/p>\n<\/div><div class=\"fusion-clearfix\"><\/div>\n\n\t\t\t\t\t<\/div>\n\t\t\t\t<\/div><\/div><\/div>\n","protected":false},"excerpt":{"rendered":"","protected":false},"author":1,"featured_media":0,"parent":14906,"menu_order":0,"comment_status":"closed","ping_status":"closed","template":"side-navigation.php","meta":[],"_links":{"self":[{"href":"https:\/\/help.epafs.tesicnor.com\/index.php\/wp-json\/wp\/v2\/pages\/14930"}],"collection":[{"href":"https:\/\/help.epafs.tesicnor.com\/index.php\/wp-json\/wp\/v2\/pages"}],"about":[{"href":"https:\/\/help.epafs.tesicnor.com\/index.php\/wp-json\/wp\/v2\/types\/page"}],"author":[{"embeddable":true,"href":"https:\/\/help.epafs.tesicnor.com\/index.php\/wp-json\/wp\/v2\/users\/1"}],"replies":[{"embeddable":true,"href":"https:\/\/help.epafs.tesicnor.com\/index.php\/wp-json\/wp\/v2\/comments?post=14930"}],"version-history":[{"count":16,"href":"https:\/\/help.epafs.tesicnor.com\/index.php\/wp-json\/wp\/v2\/pages\/14930\/revisions"}],"predecessor-version":[{"id":15298,"href":"https:\/\/help.epafs.tesicnor.com\/index.php\/wp-json\/wp\/v2\/pages\/14930\/revisions\/15298"}],"up":[{"embeddable":true,"href":"https:\/\/help.epafs.tesicnor.com\/index.php\/wp-json\/wp\/v2\/pages\/14906"}],"wp:attachment":[{"href":"https:\/\/help.epafs.tesicnor.com\/index.php\/wp-json\/wp\/v2\/media?parent=14930"}],"curies":[{"name":"wp","href":"https:\/\/api.w.org\/{rel}","templated":true}]}}