{"id":14934,"date":"2019-08-21T12:04:21","date_gmt":"2019-08-21T12:04:21","guid":{"rendered":"http:\/\/help.epafs.tesicnor.com\/?page_id=14934"},"modified":"2020-07-09T09:37:39","modified_gmt":"2020-07-09T09:37:39","slug":"1-2-permisos-de-usuario","status":"publish","type":"page","link":"https:\/\/help.epafs.tesicnor.com\/index.php\/manual-de-usuario\/1-gestion-de-usuarios\/1-2-permisos-de-usuario\/","title":{"rendered":"1.2 Permisos de usuario"},"content":{"rendered":"<div class=\"fusion-fullwidth fullwidth-box nonhundred-percent-fullwidth non-hundred-percent-height-scrolling\"  style='background-color: rgba(255,255,255,0);background-position: center center;background-repeat: no-repeat;padding-top:0px;padding-right:0px;padding-bottom:0px;padding-left:0px;margin-top: 30px;'><div class=\"fusion-builder-row fusion-row \"><div  class=\"fusion-layout-column fusion_builder_column fusion_builder_column_1_1 fusion-builder-column-1 fusion-one-full fusion-column-first fusion-column-last fusion-blend-mode 1_1\"  style='margin-top:0px;margin-bottom:20px;'>\n\t\t\t\t\t<div class=\"fusion-column-wrapper\" style=\"background-color:#f2f2f2;padding: 10px 0px 0px 10px;background-position:left top;background-repeat:no-repeat;-webkit-background-size:cover;-moz-background-size:cover;-o-background-size:cover;background-size:cover;\"   data-bg-url=\"\">\n\t\t\t\t\t\t<div class=\"fusion-title title fusion-title-1 fusion-sep-none fusion-title-size-one\" style=\"margin-top:0px;margin-bottom:9px;\"><h1 class=\"title-heading-left\" style=\"margin:0;\"><p><strong>1.2 Permisos de usuarios<br \/>\n<\/strong><\/p><\/h1><\/div><div class=\"fusion-clearfix\"><\/div>\n\n\t\t\t\t\t<\/div>\n\t\t\t\t<\/div><div  class=\"fusion-layout-column fusion_builder_column fusion_builder_column_1_1 fusion-builder-column-2 fusion-one-full fusion-column-first fusion-column-last fusion-blend-mode 1_1\"  style='margin-top:0px;margin-bottom:0px;'>\n\t\t\t\t\t<div class=\"fusion-column-wrapper\" style=\"background-color:rgba(0,61,80,0);padding: 0px 0px 0px 0px;background-position:left top;background-repeat:no-repeat;-webkit-background-size:cover;-moz-background-size:cover;-o-background-size:cover;background-size:cover;\"   data-bg-url=\"\">\n\t\t\t\t\t\t<div class=\"fusion-text\"><p>A la hora de crear un nuevo usuario, o modificar uno existente, encontramos 3 roles distintos en la aplicaci\u00f3n: ROLE_ADMIN, ROLE_USER y ROLE_READ_ONLY<\/p>\n<\/div><div class=\"fusion-text\"><p>Cuando se crea un usuario, \u00e9ste debe tener un correo electr\u00f3nico (email), ya que se enviar\u00e1 un correo con un enlace para la activaci\u00f3n de la cuenta. En caso de que el usuario no tenga correo, se puede poner uno que el administrador tenga para que sea \u00e9l quien active la cuenta.<\/p>\n<\/div><div class=\"fusion-clearfix\"><\/div>\n\n\t\t\t\t\t<\/div>\n\t\t\t\t<\/div><div  class=\"fusion-layout-column fusion_builder_column fusion_builder_column_1_1 fusion-builder-column-3 fusion-one-full fusion-column-first fusion-column-last fusion-blend-mode 1_1\"  style='margin-top:0px;margin-bottom:0px;'>\n\t\t\t\t\t<div class=\"fusion-column-wrapper\" style=\"background-color:rgba(0,61,80,0);padding: 0px 0px 0px 0px;background-position:left top;background-repeat:no-repeat;-webkit-background-size:cover;-moz-background-size:cover;-o-background-size:cover;background-size:cover;\"   data-bg-url=\"\">\n\t\t\t\t\t\t<div class=\"fusion-text\"><h2>Crear un usuario administrador<\/h2>\n<\/div><div class=\"fusion-text\"><p>Un usuario administrador es un usuario que tiene un control total sobre la aplicaci\u00f3n. Puede ver todas las versiones de todas las instalaciones de la aplicaci\u00f3n. Tambi\u00e9n tiene acceso a crear, editar y eliminar cualquiera de estas versiones o instalaciones.<\/p>\n<\/div><div class=\"fusion-text\"><p>Para crear un usuario administrador, adem\u00e1s de rellenar los datos del usuario, se seleccionar\u00e1n los roles de ROLE_ADMIN y ROLE_USER y se pulsa sobre el bot\u00f3n de \u00abcopiar\u00bb<\/p>\n<\/div><span class=\"fusion-imageframe imageframe-none imageframe-1 hover-type-none\"><img loading=\"lazy\" src=\"http:\/\/help.epafs.tesicnor.com\/wp-content\/uploads\/2020\/07\/role.png\" width=\"\" height=\"\" alt=\"\" title=\"role\" class=\"img-responsive wp-image-15303\" srcset=\"https:\/\/help.epafs.tesicnor.com\/wp-content\/uploads\/2020\/07\/role-200x66.png 200w, https:\/\/help.epafs.tesicnor.com\/wp-content\/uploads\/2020\/07\/role-400x133.png 400w, https:\/\/help.epafs.tesicnor.com\/wp-content\/uploads\/2020\/07\/role-600x199.png 600w, https:\/\/help.epafs.tesicnor.com\/wp-content\/uploads\/2020\/07\/role.png 684w\" sizes=\"(max-width: 800px) 100vw, 684px\" \/><\/span><div class=\"fusion-text\"><p>Cuando se crea un usuario administrador, se desbloque ala opci\u00f3n de asignarle una tecnolog\u00eda, zona o centro ya que es un usuario con acceso a todo.<\/p>\n<p>Una vez guardado el usuario, se puede ver en el listado con los roles de ROLE_ADMIN y ROLE_USER.<\/p>\n<\/div><span class=\"fusion-imageframe imageframe-none imageframe-2 hover-type-none\"><img loading=\"lazy\" src=\"http:\/\/help.epafs.tesicnor.com\/wp-content\/uploads\/2020\/07\/role-1.png\" width=\"\" height=\"\" alt=\"\" title=\"role\" class=\"img-responsive wp-image-15304\" srcset=\"https:\/\/help.epafs.tesicnor.com\/wp-content\/uploads\/2020\/07\/role-1-200x15.png 200w, https:\/\/help.epafs.tesicnor.com\/wp-content\/uploads\/2020\/07\/role-1-400x31.png 400w, https:\/\/help.epafs.tesicnor.com\/wp-content\/uploads\/2020\/07\/role-1-600x46.png 600w, https:\/\/help.epafs.tesicnor.com\/wp-content\/uploads\/2020\/07\/role-1-800x62.png 800w, https:\/\/help.epafs.tesicnor.com\/wp-content\/uploads\/2020\/07\/role-1.png 908w\" sizes=\"(max-width: 800px) 100vw, 908px\" \/><\/span><div class=\"fusion-text\"><p>No se deber\u00eda abusar de este tipo de usuarios ya que se podr\u00eda poner en peligro el control de los datos de la aplicaci\u00f3n.<\/p>\n<\/div><div class=\"fusion-clearfix\"><\/div>\n\n\t\t\t\t\t<\/div>\n\t\t\t\t<\/div><div  class=\"fusion-layout-column fusion_builder_column fusion_builder_column_1_1 fusion-builder-column-4 fusion-one-full fusion-column-first fusion-column-last fusion-blend-mode 1_1\"  style='margin-top:0px;margin-bottom:0px;'>\n\t\t\t\t\t<div class=\"fusion-column-wrapper\" style=\"background-color:rgba(0,61,80,0);padding: 0px 0px 0px 0px;background-position:left top;background-repeat:no-repeat;-webkit-background-size:cover;-moz-background-size:cover;-o-background-size:cover;background-size:cover;\"   data-bg-url=\"\">\n\t\t\t\t\t\t<div class=\"fusion-text\"><h2>Crear un usuario con acceso limitado por tecnolog\u00eda, zona o centro<\/h2>\n<\/div><div class=\"fusion-text\"><p>El usuario estandar de la aplicaci\u00f3n son usuarios con permisos limitados a un \u00e1rea determinada. Estos usuarios no tiene acceso a la consulta, creaci\u00f3n ni edici\u00f3n de usuarios. Estos usuarios pueden estar limitados a una tecnolog\u00eda,\u00a0 a una zona o \u00fanicamente a un centro.<\/p>\n<\/div><div class=\"fusion-text\"><h3>Usuario limitado a tecnolog\u00eda<\/h3>\n<p>Los usuarios limitados a una tecnolog\u00eda tienen acceso a crear centros o zonas dentro de su tecnolog\u00eda. Tambi\u00e9n pueden crear o modificar versiones existentes siempre que est\u00e9n asociadas a sus centros. Hay que tener en cuenta que si se modifica una versi\u00f3n a la que est\u00e1n asociados varios centros, esta se ver\u00e1 modificada para todos ellos.<\/p>\n<\/div><div class=\"fusion-text\"><h3>Usuario limitado a zona<\/h3>\n<p>Los usuarios limitados a zona tienen mucho m\u00e1s restringido su \u00e1rea de actuaci\u00f3n. Adem\u00e1s de ver \u00fanicamente los centros asociados a su \u00e1rea determinada dentro de una tecnolog\u00eda, no pueden crear ni modificar versiones existentes aunque estas apliquen a uno de sus centros. \u00danicamente podr\u00e1n a\u00f1adir versiones existentes a sus centros y modificar la documentaci\u00f3n e im\u00e1genes de versiones asociadas a sus centros.<\/p>\n<\/div><div class=\"fusion-text\"><h3>Usuario limitado a centro<\/h3>\n<p>Estos usuarios ven su rango de acci\u00f3n limitado aun centro y \u00fanicamente pueden a\u00f1adir una versi\u00f3n a su centro.<\/p>\n<\/div><div class=\"fusion-text\"><p>Un usuario limitado a tecnolog\u00eda, zona o centro se crea asign\u00e1ndole \u00fanicamente el ROLE_USER y seleccionando a qu\u00e9 \u00e1rea est\u00e1 limitado el usuario.<\/p>\n<\/div><span class=\"fusion-imageframe imageframe-none imageframe-3 hover-type-none\"><img loading=\"lazy\" src=\"http:\/\/help.epafs.tesicnor.com\/wp-content\/uploads\/2020\/07\/role-2-1024x62.png\" width=\"1024\" height=\"62\" alt=\"\" title=\"role\" class=\"img-responsive wp-image-15311\" srcset=\"https:\/\/help.epafs.tesicnor.com\/wp-content\/uploads\/2020\/07\/role-2-200x12.png 200w, https:\/\/help.epafs.tesicnor.com\/wp-content\/uploads\/2020\/07\/role-2-400x24.png 400w, https:\/\/help.epafs.tesicnor.com\/wp-content\/uploads\/2020\/07\/role-2-600x36.png 600w, https:\/\/help.epafs.tesicnor.com\/wp-content\/uploads\/2020\/07\/role-2-800x48.png 800w, https:\/\/help.epafs.tesicnor.com\/wp-content\/uploads\/2020\/07\/role-2.png 1027w\" sizes=\"(max-width: 800px) 100vw, 1024px\" \/><\/span><div class=\"fusion-text\"><p>En el listado se puede ver a cada uno de los usuarios con rol de usuario el \u00e1rea a la que est\u00e1 limitado su funcionamiento.<\/p>\n<\/div><div class=\"fusion-clearfix\"><\/div>\n\n\t\t\t\t\t<\/div>\n\t\t\t\t<\/div><div  class=\"fusion-layout-column fusion_builder_column fusion_builder_column_1_1 fusion-builder-column-5 fusion-one-full fusion-column-first fusion-column-last fusion-blend-mode 1_1\"  style='margin-top:0px;margin-bottom:0px;'>\n\t\t\t\t\t<div class=\"fusion-column-wrapper\" style=\"background-color:rgba(0,61,80,0);padding: 0px 0px 0px 0px;background-position:left top;background-repeat:no-repeat;-webkit-background-size:cover;-moz-background-size:cover;-o-background-size:cover;background-size:cover;\"   data-bg-url=\"\">\n\t\t\t\t\t\t<div class=\"fusion-text\"><h2>Crear un usuario de solo lectura<\/h2>\n<\/div><div class=\"fusion-text\"><p>El usuario de solo lectura es un usuario normal pero sin permiso de modificar ninguno de los datos de la aplicaci\u00f3n. Por lo dem\u00e1s, su \u00e1rea de acci\u00f3n funciona como usuarios normales de tecnolog\u00eda, zona o centro.<\/p>\n<\/div><div class=\"fusion-text\"><p>Un usuario limitado a tecnolog\u00eda, zona o centro se crea asign\u00e1ndole \u00fanicamente el ROLE_READ_ONLY y seleccionando a qu\u00e9 \u00e1rea est\u00e1 limitado el usuario.<\/p>\n<\/div><span class=\"fusion-imageframe imageframe-none imageframe-4 hover-type-none\"><img loading=\"lazy\" src=\"http:\/\/help.epafs.tesicnor.com\/wp-content\/uploads\/2020\/07\/role-3-1024x56.png\" width=\"1024\" height=\"56\" alt=\"\" title=\"role\" class=\"img-responsive wp-image-15319\" srcset=\"https:\/\/help.epafs.tesicnor.com\/wp-content\/uploads\/2020\/07\/role-3-200x11.png 200w, https:\/\/help.epafs.tesicnor.com\/wp-content\/uploads\/2020\/07\/role-3-400x22.png 400w, https:\/\/help.epafs.tesicnor.com\/wp-content\/uploads\/2020\/07\/role-3-600x33.png 600w, https:\/\/help.epafs.tesicnor.com\/wp-content\/uploads\/2020\/07\/role-3-800x44.png 800w, https:\/\/help.epafs.tesicnor.com\/wp-content\/uploads\/2020\/07\/role-3.png 1076w\" sizes=\"(max-width: 800px) 100vw, 1024px\" \/><\/span><div class=\"fusion-text\"><p>Se pueden identificar a los usuarios de solo lectura en la lista con el rol ROLE_READ_ONLY en la lista de Perfiles.<\/p>\n<\/div><div class=\"fusion-clearfix\"><\/div>\n\n\t\t\t\t\t<\/div>\n\t\t\t\t<\/div><\/div><\/div>\n","protected":false},"excerpt":{"rendered":"","protected":false},"author":1,"featured_media":0,"parent":14906,"menu_order":0,"comment_status":"closed","ping_status":"closed","template":"side-navigation.php","meta":[],"_links":{"self":[{"href":"https:\/\/help.epafs.tesicnor.com\/index.php\/wp-json\/wp\/v2\/pages\/14934"}],"collection":[{"href":"https:\/\/help.epafs.tesicnor.com\/index.php\/wp-json\/wp\/v2\/pages"}],"about":[{"href":"https:\/\/help.epafs.tesicnor.com\/index.php\/wp-json\/wp\/v2\/types\/page"}],"author":[{"embeddable":true,"href":"https:\/\/help.epafs.tesicnor.com\/index.php\/wp-json\/wp\/v2\/users\/1"}],"replies":[{"embeddable":true,"href":"https:\/\/help.epafs.tesicnor.com\/index.php\/wp-json\/wp\/v2\/comments?post=14934"}],"version-history":[{"count":15,"href":"https:\/\/help.epafs.tesicnor.com\/index.php\/wp-json\/wp\/v2\/pages\/14934\/revisions"}],"predecessor-version":[{"id":15347,"href":"https:\/\/help.epafs.tesicnor.com\/index.php\/wp-json\/wp\/v2\/pages\/14934\/revisions\/15347"}],"up":[{"embeddable":true,"href":"https:\/\/help.epafs.tesicnor.com\/index.php\/wp-json\/wp\/v2\/pages\/14906"}],"wp:attachment":[{"href":"https:\/\/help.epafs.tesicnor.com\/index.php\/wp-json\/wp\/v2\/media?parent=14934"}],"curies":[{"name":"wp","href":"https:\/\/api.w.org\/{rel}","templated":true}]}}