{"id":14959,"date":"2019-08-26T09:35:30","date_gmt":"2019-08-26T09:35:30","guid":{"rendered":"http:\/\/help.epafs.tesicnor.com\/?page_id=14959"},"modified":"2020-07-10T06:55:05","modified_gmt":"2020-07-10T06:55:05","slug":"3-5-versiones","status":"publish","type":"page","link":"https:\/\/help.epafs.tesicnor.com\/index.php\/manual-de-usuario\/3-modelos\/3-5-versiones\/","title":{"rendered":"3.5 Versiones"},"content":{"rendered":"<p><div class=\"fusion-fullwidth fullwidth-box nonhundred-percent-fullwidth non-hundred-percent-height-scrolling\"  style='background-color: rgba(255,255,255,0);background-position: center center;background-repeat: no-repeat;padding-top:0px;padding-right:0px;padding-bottom:0px;padding-left:0px;margin-top: 30px;'><div class=\"fusion-builder-row fusion-row \"><div  class=\"fusion-layout-column fusion_builder_column fusion_builder_column_1_1 fusion-builder-column-1 fusion-one-full fusion-column-first fusion-column-last fusion-blend-mode 1_1\"  style='margin-top:0px;margin-bottom:20px;'>\n\t\t\t\t\t<div class=\"fusion-column-wrapper\" style=\"background-color:#f2f2f2;padding: 10px 0px 0px 10px;background-position:left top;background-repeat:no-repeat;-webkit-background-size:cover;-moz-background-size:cover;-o-background-size:cover;background-size:cover;\"   data-bg-url=\"\">\n\t\t\t\t\t\t<div class=\"fusion-title title fusion-title-1 fusion-sep-none fusion-title-size-one\" style=\"margin-top:0px;margin-bottom:9px;\"><h1 class=\"title-heading-left\" style=\"margin:0;\"><strong>3.5 Versiones<\/strong><\/h1><\/div><div class=\"fusion-clearfix\"><\/div>\n\n\t\t\t\t\t<\/div>\n\t\t\t\t<\/div><\/div><\/div><div class=\"fusion-fullwidth fullwidth-box nonhundred-percent-fullwidth non-hundred-percent-height-scrolling\"  style='background-color: rgba(255,255,255,0);background-position: center center;background-repeat: no-repeat;padding-top:0px;padding-right:0px;padding-bottom:0px;padding-left:0px;'><div class=\"fusion-builder-row fusion-row \"><div  class=\"fusion-layout-column fusion_builder_column fusion_builder_column_1_1 fusion-builder-column-2 fusion-one-full fusion-column-first fusion-column-last 1_1\"  style='margin-top:0px;margin-bottom:20px;'>\n\t\t\t\t\t<div class=\"fusion-column-wrapper\" style=\"padding: 0px 0px 0px 0px;background-position:left top;background-repeat:no-repeat;-webkit-background-size:cover;-moz-background-size:cover;-o-background-size:cover;background-size:cover;\"   data-bg-url=\"\">\n\t\t\t\t\t\t<div class=\"fusion-text\"><p>En el <strong>detalle de cada modelo<\/strong> se muestran el listado de las versiones que tienen.<\/p>\n<\/div><div class=\"fusion-text\"><p>Hay dos tipos de versiones distintas:<\/p>\n<ol>\n<li><strong>Versiones generales<\/strong>: una versi\u00f3n de este tipo tiene un \u00fanico procedimiento, independientemente de en cu\u00e1ntas instalaciones est\u00e9. Es decir, no se diferencia de forma \u00fanica en cada instalaci\u00f3n, por lo que cada versi\u00f3n general puede estar en varias instalaciones a la vez.<\/li>\n<li><strong>Versiones f\u00edsicas<\/strong>: una versi\u00f3n de este tipo es \u00fanica y se identifica mediante un c\u00f3digo. Es la forma de identificar versiones f\u00edsicas de un modelo en una instalaci\u00f3n. Por lo tanto, solo pueden estar asignadas a un centro, y \u00e9ste tiene que estar englobado dentro de las tecnolog\u00edas de \u00abHIDRO\u00bb, \u00abWIND\u00bb o \u00abSOLAR\u00bb.<\/li>\n<\/ol>\n<\/div><div class=\"fusion-clearfix\"><\/div>\n\n\t\t\t\t\t<\/div>\n\t\t\t\t<\/div><\/div><\/div><\/p>\n","protected":false},"excerpt":{"rendered":"","protected":false},"author":1,"featured_media":0,"parent":14911,"menu_order":0,"comment_status":"closed","ping_status":"closed","template":"side-navigation.php","meta":[],"_links":{"self":[{"href":"https:\/\/help.epafs.tesicnor.com\/index.php\/wp-json\/wp\/v2\/pages\/14959"}],"collection":[{"href":"https:\/\/help.epafs.tesicnor.com\/index.php\/wp-json\/wp\/v2\/pages"}],"about":[{"href":"https:\/\/help.epafs.tesicnor.com\/index.php\/wp-json\/wp\/v2\/types\/page"}],"author":[{"embeddable":true,"href":"https:\/\/help.epafs.tesicnor.com\/index.php\/wp-json\/wp\/v2\/users\/1"}],"replies":[{"embeddable":true,"href":"https:\/\/help.epafs.tesicnor.com\/index.php\/wp-json\/wp\/v2\/comments?post=14959"}],"version-history":[{"count":25,"href":"https:\/\/help.epafs.tesicnor.com\/index.php\/wp-json\/wp\/v2\/pages\/14959\/revisions"}],"predecessor-version":[{"id":15413,"href":"https:\/\/help.epafs.tesicnor.com\/index.php\/wp-json\/wp\/v2\/pages\/14959\/revisions\/15413"}],"up":[{"embeddable":true,"href":"https:\/\/help.epafs.tesicnor.com\/index.php\/wp-json\/wp\/v2\/pages\/14911"}],"wp:attachment":[{"href":"https:\/\/help.epafs.tesicnor.com\/index.php\/wp-json\/wp\/v2\/media?parent=14959"}],"curies":[{"name":"wp","href":"https:\/\/api.w.org\/{rel}","templated":true}]}}