{"id":15376,"date":"2020-07-09T11:17:02","date_gmt":"2020-07-09T11:17:02","guid":{"rendered":"http:\/\/help.epafs.tesicnor.com\/?page_id=15376"},"modified":"2020-07-09T11:19:06","modified_gmt":"2020-07-09T11:19:06","slug":"2-4-importacion-masiva-de-instalaciones-2","status":"publish","type":"page","link":"https:\/\/help.epafs.tesicnor.com\/index.php\/manual-de-usuario\/2-instalaciones\/2-4-importacion-masiva-de-instalaciones-2\/","title":{"rendered":"2.5 Eliminar una instalaci\u00f3n"},"content":{"rendered":"<p><div class=\"fusion-fullwidth fullwidth-box nonhundred-percent-fullwidth non-hundred-percent-height-scrolling\"  style='background-color: rgba(255,255,255,0);background-position: center center;background-repeat: no-repeat;padding-top:0px;padding-right:0px;padding-bottom:0px;padding-left:0px;margin-top: 30px;'><div class=\"fusion-builder-row fusion-row \"><div  class=\"fusion-layout-column fusion_builder_column fusion_builder_column_1_1 fusion-builder-column-1 fusion-one-full fusion-column-first fusion-column-last fusion-blend-mode 1_1\"  style='margin-top:0px;margin-bottom:20px;'>\n\t\t\t\t\t<div class=\"fusion-column-wrapper\" style=\"background-color:#f2f2f2;padding: 10px 0px 0px 10px;background-position:left top;background-repeat:no-repeat;-webkit-background-size:cover;-moz-background-size:cover;-o-background-size:cover;background-size:cover;\"   data-bg-url=\"\">\n\t\t\t\t\t\t<div class=\"fusion-title title fusion-title-1 fusion-sep-none fusion-title-size-one\" style=\"margin-top:0px;margin-bottom:9px;\"><h1 class=\"title-heading-left\" style=\"margin:0;\"><p><strong>2.5 Eliminar una instalaci\u00f3n<br \/>\n<\/strong><\/p><\/h1><\/div><div class=\"fusion-clearfix\"><\/div>\n\n\t\t\t\t\t<\/div>\n\t\t\t\t<\/div><\/div><\/div><div class=\"fusion-fullwidth fullwidth-box nonhundred-percent-fullwidth non-hundred-percent-height-scrolling\"  style='background-color: rgba(255,255,255,0);background-position: center center;background-repeat: no-repeat;padding-top:0px;padding-right:0px;padding-bottom:0px;padding-left:0px;'><div class=\"fusion-builder-row fusion-row \"><div  class=\"fusion-layout-column fusion_builder_column fusion_builder_column_1_1 fusion-builder-column-2 fusion-one-full fusion-column-first fusion-column-last 1_1\"  style='margin-top:0px;margin-bottom:20px;'>\n\t\t\t\t\t<div class=\"fusion-column-wrapper\" style=\"padding: 0px 0px 0px 0px;background-position:left top;background-repeat:no-repeat;-webkit-background-size:cover;-moz-background-size:cover;-o-background-size:cover;background-size:cover;\"   data-bg-url=\"\">\n\t\t\t\t\t\t<div class=\"fusion-text\"><p>Desde el men\u00fa de acciones, el administrador puede eliminar una instalaci\u00f3n que ya no sea necesaria. Se desvincular\u00e1 la instalaci\u00f3n de todas las versiones a las que estuviera asociada.<\/p>\n<p>Si un usuario est\u00e1 vinculado a esa instalaci\u00f3n, el usuario permanecer\u00e1 activo pero cuando entre en la aplicaci\u00f3n, no tendr\u00e1 acceso a ning\u00fan tipo de informaci\u00f3n.<\/p>\n<\/div><span class=\"fusion-imageframe imageframe-none imageframe-1 hover-type-none\"><img loading=\"lazy\" src=\"http:\/\/help.epafs.tesicnor.com\/wp-content\/uploads\/2020\/07\/delete.png\" width=\"\" height=\"\" alt=\"\" title=\"delete\" class=\"img-responsive wp-image-15378\" srcset=\"https:\/\/help.epafs.tesicnor.com\/wp-content\/uploads\/2020\/07\/delete-200x54.png 200w, https:\/\/help.epafs.tesicnor.com\/wp-content\/uploads\/2020\/07\/delete-400x108.png 400w, https:\/\/help.epafs.tesicnor.com\/wp-content\/uploads\/2020\/07\/delete-600x162.png 600w, https:\/\/help.epafs.tesicnor.com\/wp-content\/uploads\/2020\/07\/delete-800x216.png 800w, https:\/\/help.epafs.tesicnor.com\/wp-content\/uploads\/2020\/07\/delete.png 974w\" sizes=\"(max-width: 800px) 100vw, 974px\" \/><\/span><div class=\"fusion-clearfix\"><\/div>\n\n\t\t\t\t\t<\/div>\n\t\t\t\t<\/div><\/div><\/div><\/p>\n","protected":false},"excerpt":{"rendered":"","protected":false},"author":1,"featured_media":0,"parent":14909,"menu_order":0,"comment_status":"closed","ping_status":"closed","template":"side-navigation.php","meta":[],"_links":{"self":[{"href":"https:\/\/help.epafs.tesicnor.com\/index.php\/wp-json\/wp\/v2\/pages\/15376"}],"collection":[{"href":"https:\/\/help.epafs.tesicnor.com\/index.php\/wp-json\/wp\/v2\/pages"}],"about":[{"href":"https:\/\/help.epafs.tesicnor.com\/index.php\/wp-json\/wp\/v2\/types\/page"}],"author":[{"embeddable":true,"href":"https:\/\/help.epafs.tesicnor.com\/index.php\/wp-json\/wp\/v2\/users\/1"}],"replies":[{"embeddable":true,"href":"https:\/\/help.epafs.tesicnor.com\/index.php\/wp-json\/wp\/v2\/comments?post=15376"}],"version-history":[{"count":2,"href":"https:\/\/help.epafs.tesicnor.com\/index.php\/wp-json\/wp\/v2\/pages\/15376\/revisions"}],"predecessor-version":[{"id":15379,"href":"https:\/\/help.epafs.tesicnor.com\/index.php\/wp-json\/wp\/v2\/pages\/15376\/revisions\/15379"}],"up":[{"embeddable":true,"href":"https:\/\/help.epafs.tesicnor.com\/index.php\/wp-json\/wp\/v2\/pages\/14909"}],"wp:attachment":[{"href":"https:\/\/help.epafs.tesicnor.com\/index.php\/wp-json\/wp\/v2\/media?parent=15376"}],"curies":[{"name":"wp","href":"https:\/\/api.w.org\/{rel}","templated":true}]}}