{"id":15408,"date":"2020-07-10T06:51:05","date_gmt":"2020-07-10T06:51:05","guid":{"rendered":"http:\/\/help.epafs.tesicnor.com\/?page_id=15408"},"modified":"2020-07-10T06:51:51","modified_gmt":"2020-07-10T06:51:51","slug":"3-5-1-crear-una-nueva-version","status":"publish","type":"page","link":"https:\/\/help.epafs.tesicnor.com\/index.php\/manual-de-usuario\/3-modelos\/3-5-versiones\/3-5-1-crear-una-nueva-version\/","title":{"rendered":"3.5.1 Crear una nueva versi\u00f3n"},"content":{"rendered":"<p><div class=\"fusion-fullwidth fullwidth-box nonhundred-percent-fullwidth non-hundred-percent-height-scrolling\"  style='background-color: rgba(255,255,255,0);background-position: center center;background-repeat: no-repeat;padding-top:0px;padding-right:0px;padding-bottom:0px;padding-left:0px;margin-top: 30px;'><div class=\"fusion-builder-row fusion-row \"><div  class=\"fusion-layout-column fusion_builder_column fusion_builder_column_1_1 fusion-builder-column-1 fusion-one-full fusion-column-first fusion-column-last fusion-blend-mode 1_1\"  style='margin-top:0px;margin-bottom:20px;'>\n\t\t\t\t\t<div class=\"fusion-column-wrapper\" style=\"background-color:#f2f2f2;padding: 10px 0px 0px 10px;background-position:left top;background-repeat:no-repeat;-webkit-background-size:cover;-moz-background-size:cover;-o-background-size:cover;background-size:cover;\"   data-bg-url=\"\">\n\t\t\t\t\t\t<div class=\"fusion-title title fusion-title-1 fusion-sep-none fusion-title-size-one\" style=\"margin-top:0px;margin-bottom:9px;\"><h1 class=\"title-heading-left\" style=\"margin:0;\"><p><strong>3.5.1 Crear una nueva versi\u00f3n<br \/>\n<\/strong><\/p><\/h1><\/div><div class=\"fusion-clearfix\"><\/div>\n\n\t\t\t\t\t<\/div>\n\t\t\t\t<\/div><\/div><\/div><div class=\"fusion-fullwidth fullwidth-box nonhundred-percent-fullwidth non-hundred-percent-height-scrolling\"  style='background-color: rgba(255,255,255,0);background-position: center center;background-repeat: no-repeat;padding-top:0px;padding-right:0px;padding-bottom:0px;padding-left:0px;'><div class=\"fusion-builder-row fusion-row \"><div  class=\"fusion-layout-column fusion_builder_column fusion_builder_column_1_1 fusion-builder-column-2 fusion-one-full fusion-column-first fusion-column-last 1_1\"  style='margin-top:0px;margin-bottom:20px;'>\n\t\t\t\t\t<div class=\"fusion-column-wrapper\" style=\"padding: 0px 0px 0px 0px;background-position:left top;background-repeat:no-repeat;-webkit-background-size:cover;-moz-background-size:cover;-o-background-size:cover;background-size:cover;\"   data-bg-url=\"\">\n\t\t\t\t\t\t<div class=\"fusion-title title fusion-title-2 fusion-sep-none fusion-title-size-two\" style=\"margin-top:0px;margin-bottom:9px;\"><h2 class=\"title-heading-left\" style=\"margin:0;\"><p><strong>Crear una nueva versi\u00f3n general<br \/>\n<\/strong><\/p><\/h2><\/div><div class=\"fusion-text\"><p>Para crear una versi\u00f3n general hay que acceder al men\u00fa de Acciones del modelo y pulsar en \u00ab+ Versi\u00f3n\u00bb<\/p>\n<\/div><div class=\"imageframe-align-center\"><div class=\"imageframe-liftup fusion-image-frame-bottomshadow image-frame-shadow-1\"><style scoped=\"scoped\">.element-bottomshadow.imageframe-1:before, .element-bottomshadow.imageframe-1:after{-webkit-box-shadow: 0 17px 10px rgba(0,0,0,0.4);box-shadow: 0 17px 10px rgba(0,0,0,0.4);}<\/style><span class=\"fusion-imageframe imageframe-bottomshadow imageframe-1 element-bottomshadow\"><a href=\"http:\/\/help.epafs.tesicnor.com\/wp-content\/uploads\/2020\/07\/model-version-menu-new.png\" class=\"fusion-lightbox\" data-rel=\"iLightbox[97bb9fcb9dce286ec50]\" data-title=\"model-version-menu-new\" title=\"model-version-menu-new\"><img loading=\"lazy\" src=\"http:\/\/help.epafs.tesicnor.com\/wp-content\/uploads\/2020\/07\/model-version-menu-new.png\" width=\"\" height=\"\" alt=\"\" class=\"img-responsive wp-image-15389\" srcset=\"https:\/\/help.epafs.tesicnor.com\/wp-content\/uploads\/2020\/07\/model-version-menu-new-200x139.png 200w, https:\/\/help.epafs.tesicnor.com\/wp-content\/uploads\/2020\/07\/model-version-menu-new.png 232w\" sizes=\"(max-width: 800px) 100vw, 232px\" \/><\/a><\/span><\/div><\/div><div class=\"fusion-text\"><p>Se mostrar\u00e1 la ventana para rellenar todos los datos de la versi\u00f3n, como la tensi\u00f3n, el nombre y las caracter\u00edsticas. Adem\u00e1s, es posible cargar el procedimiento, (que pueden ser varios documentos) y las im\u00e1genes que sean necesarias.<\/p>\n<\/div><div class=\"imageframe-align-center\"><div class=\"imageframe-liftup fusion-image-frame-bottomshadow image-frame-shadow-2\"><style scoped=\"scoped\">.element-bottomshadow.imageframe-2:before, .element-bottomshadow.imageframe-2:after{-webkit-box-shadow: 0 17px 10px rgba(0,0,0,0.4);box-shadow: 0 17px 10px rgba(0,0,0,0.4);}<\/style><span class=\"fusion-imageframe imageframe-bottomshadow imageframe-2 element-bottomshadow\"><a href=\"http:\/\/help.epafs.tesicnor.com\/wp-content\/uploads\/2020\/07\/model-version-new.png\" class=\"fusion-lightbox\" data-rel=\"iLightbox[1167a91ed3ac518a3ed]\" data-title=\"model-version-new\" title=\"model-version-new\"><img loading=\"lazy\" src=\"http:\/\/help.epafs.tesicnor.com\/wp-content\/uploads\/2020\/07\/model-version-new.png\" width=\"\" height=\"\" alt=\"\" class=\"img-responsive wp-image-15393\" srcset=\"https:\/\/help.epafs.tesicnor.com\/wp-content\/uploads\/2020\/07\/model-version-new-200x134.png 200w, https:\/\/help.epafs.tesicnor.com\/wp-content\/uploads\/2020\/07\/model-version-new-400x268.png 400w, https:\/\/help.epafs.tesicnor.com\/wp-content\/uploads\/2020\/07\/model-version-new-600x401.png 600w, https:\/\/help.epafs.tesicnor.com\/wp-content\/uploads\/2020\/07\/model-version-new-800x535.png 800w, https:\/\/help.epafs.tesicnor.com\/wp-content\/uploads\/2020\/07\/model-version-new.png 1000w\" sizes=\"(max-width: 800px) 100vw, 1000px\" \/><\/a><\/span><\/div><\/div><div class=\"fusion-clearfix\"><\/div>\n\n\t\t\t\t\t<\/div>\n\t\t\t\t<\/div><div  class=\"fusion-layout-column fusion_builder_column fusion_builder_column_1_1 fusion-builder-column-3 fusion-one-full fusion-column-first fusion-column-last 1_1\"  style='margin-top:0px;margin-bottom:20px;'>\n\t\t\t\t\t<div class=\"fusion-column-wrapper\" style=\"padding: 0px 0px 0px 0px;background-position:left top;background-repeat:no-repeat;-webkit-background-size:cover;-moz-background-size:cover;-o-background-size:cover;background-size:cover;\"   data-bg-url=\"\">\n\t\t\t\t\t\t<div class=\"fusion-title title fusion-title-3 fusion-sep-none fusion-title-size-two\" style=\"margin-top:0px;margin-bottom:9px;\"><h2 class=\"title-heading-left\" style=\"margin:0;\"><p><strong>Crear una nueva versi\u00f3n f\u00edsica<br \/>\n<\/strong><\/p><\/h2><\/div><div class=\"fusion-text\"><p>Para crear una versi\u00f3n f\u00edsica tenemos dos formas de hacerlo:<\/p>\n<ol>\n<li>Desde el men\u00fa de Acciones del modelo y pulsar en \u00ab+ Crear versi\u00f3n con c\u00f3digo\u00bb: sirve para crear una versi\u00f3n f\u00edsica desde cero.<\/li>\n<li>Desde el listado de versiones, pulsando en el men\u00fa de una versi\u00f3n y seleccionando \u00ab+ Crear versi\u00f3n con c\u00f3digo\u00bb: sirve para crear una versi\u00f3n f\u00edsica a partir de los datos de otra versi\u00f3n de cualquier tipo.<\/li>\n<\/ol>\n<\/div><div class=\"fusion-clearfix\"><\/div>\n\n\t\t\t\t\t<\/div>\n\t\t\t\t<\/div><div  class=\"fusion-layout-column fusion_builder_column fusion_builder_column_1_2 fusion-builder-column-4 fusion-one-half fusion-column-first 1_2\"  style='margin-top:0px;margin-bottom:20px;width:50%;width:calc(50% - ( ( 4% ) * 0.5 ) );margin-right: 4%;'>\n\t\t\t\t\t<div class=\"fusion-column-wrapper\" style=\"padding: 0px 0px 0px 0px;background-position:left top;background-repeat:no-repeat;-webkit-background-size:cover;-moz-background-size:cover;-o-background-size:cover;background-size:cover;\"   data-bg-url=\"\">\n\t\t\t\t\t\t<div class=\"imageframe-align-center\"><div class=\"imageframe-liftup fusion-image-frame-bottomshadow image-frame-shadow-3\"><style scoped=\"scoped\">.element-bottomshadow.imageframe-3:before, .element-bottomshadow.imageframe-3:after{-webkit-box-shadow: 0 17px 10px rgba(0,0,0,0.4);box-shadow: 0 17px 10px rgba(0,0,0,0.4);}<\/style><span class=\"fusion-imageframe imageframe-bottomshadow imageframe-3 element-bottomshadow\"><a href=\"http:\/\/help.epafs.tesicnor.com\/wp-content\/uploads\/2020\/07\/model-version-menu-new-code-1.png\" class=\"fusion-lightbox\" data-rel=\"iLightbox[5d90c8469eca8fc7836]\" data-title=\"model-version-menu-new-code-1\" title=\"model-version-menu-new-code-1\"><img loading=\"lazy\" src=\"http:\/\/help.epafs.tesicnor.com\/wp-content\/uploads\/2020\/07\/model-version-menu-new-code-1.png\" width=\"\" height=\"\" alt=\"\" class=\"img-responsive wp-image-15396\" srcset=\"https:\/\/help.epafs.tesicnor.com\/wp-content\/uploads\/2020\/07\/model-version-menu-new-code-1-200x139.png 200w, https:\/\/help.epafs.tesicnor.com\/wp-content\/uploads\/2020\/07\/model-version-menu-new-code-1.png 232w\" sizes=\"(max-width: 800px) 100vw, 232px\" \/><\/a><\/span><\/div><\/div><div class=\"fusion-clearfix\"><\/div>\n\n\t\t\t\t\t<\/div>\n\t\t\t\t<\/div><div  class=\"fusion-layout-column fusion_builder_column fusion_builder_column_1_2 fusion-builder-column-5 fusion-one-half fusion-column-last 1_2\"  style='margin-top:0px;margin-bottom:20px;width:50%;width:calc(50% - ( ( 4% ) * 0.5 ) );'>\n\t\t\t\t\t<div class=\"fusion-column-wrapper\" style=\"padding: 0px 0px 0px 0px;background-position:left top;background-repeat:no-repeat;-webkit-background-size:cover;-moz-background-size:cover;-o-background-size:cover;background-size:cover;\"   data-bg-url=\"\">\n\t\t\t\t\t\t<div class=\"imageframe-align-center\"><div class=\"imageframe-liftup fusion-image-frame-bottomshadow image-frame-shadow-4\"><style scoped=\"scoped\">.element-bottomshadow.imageframe-4:before, .element-bottomshadow.imageframe-4:after{-webkit-box-shadow: 0 17px 10px rgba(0,0,0,0.4);box-shadow: 0 17px 10px rgba(0,0,0,0.4);}<\/style><span class=\"fusion-imageframe imageframe-bottomshadow imageframe-4 element-bottomshadow\"><a href=\"http:\/\/help.epafs.tesicnor.com\/wp-content\/uploads\/2020\/07\/model-version-menu-new-code-2.png\" class=\"fusion-lightbox\" data-rel=\"iLightbox[b627847bc1987bde137]\" data-title=\"model-version-menu-new-code-2\" title=\"model-version-menu-new-code-2\"><img loading=\"lazy\" src=\"http:\/\/help.epafs.tesicnor.com\/wp-content\/uploads\/2020\/07\/model-version-menu-new-code-2.png\" width=\"\" height=\"\" alt=\"\" class=\"img-responsive wp-image-15397\" srcset=\"https:\/\/help.epafs.tesicnor.com\/wp-content\/uploads\/2020\/07\/model-version-menu-new-code-2-200x155.png 200w, https:\/\/help.epafs.tesicnor.com\/wp-content\/uploads\/2020\/07\/model-version-menu-new-code-2.png 230w\" sizes=\"(max-width: 800px) 100vw, 230px\" \/><\/a><\/span><\/div><\/div><div class=\"fusion-clearfix\"><\/div>\n\n\t\t\t\t\t<\/div>\n\t\t\t\t<\/div><div  class=\"fusion-layout-column fusion_builder_column fusion_builder_column_1_1 fusion-builder-column-6 fusion-one-full fusion-column-first fusion-column-last 1_1\"  style='margin-top:0px;margin-bottom:20px;'>\n\t\t\t\t\t<div class=\"fusion-column-wrapper\" style=\"padding: 0px 0px 0px 0px;background-position:left top;background-repeat:no-repeat;-webkit-background-size:cover;-moz-background-size:cover;-o-background-size:cover;background-size:cover;\"   data-bg-url=\"\">\n\t\t\t\t\t\t<div class=\"fusion-text\"><p>La ventana que se muestra cambia un poco: es necesario a\u00f1adir un c\u00f3digo a la versi\u00f3n y asignar una instalaci\u00f3n.<\/p>\n<\/div><div class=\"imageframe-align-center\"><div class=\"imageframe-liftup fusion-image-frame-bottomshadow image-frame-shadow-5\"><style scoped=\"scoped\">.element-bottomshadow.imageframe-5:before, .element-bottomshadow.imageframe-5:after{-webkit-box-shadow: 0 17px 10px rgba(0,0,0,0.4);box-shadow: 0 17px 10px rgba(0,0,0,0.4);}<\/style><span class=\"fusion-imageframe imageframe-bottomshadow imageframe-5 element-bottomshadow\"><a href=\"http:\/\/help.epafs.tesicnor.com\/wp-content\/uploads\/2020\/07\/model-version-new-code.png\" class=\"fusion-lightbox\" data-rel=\"iLightbox[6232a6bfa743f38a4e2]\" data-title=\"model-version-new-code\" title=\"model-version-new-code\"><img loading=\"lazy\" src=\"http:\/\/help.epafs.tesicnor.com\/wp-content\/uploads\/2020\/07\/model-version-new-code.png\" width=\"\" height=\"\" alt=\"\" class=\"img-responsive wp-image-15399\" srcset=\"https:\/\/help.epafs.tesicnor.com\/wp-content\/uploads\/2020\/07\/model-version-new-code-200x143.png 200w, https:\/\/help.epafs.tesicnor.com\/wp-content\/uploads\/2020\/07\/model-version-new-code-400x286.png 400w, https:\/\/help.epafs.tesicnor.com\/wp-content\/uploads\/2020\/07\/model-version-new-code-600x429.png 600w, https:\/\/help.epafs.tesicnor.com\/wp-content\/uploads\/2020\/07\/model-version-new-code-800x572.png 800w, https:\/\/help.epafs.tesicnor.com\/wp-content\/uploads\/2020\/07\/model-version-new-code.png 1000w\" sizes=\"(max-width: 800px) 100vw, 1000px\" \/><\/a><\/span><\/div><\/div><div class=\"fusion-clearfix\"><\/div>\n\n\t\t\t\t\t<\/div>\n\t\t\t\t<\/div><\/div><\/div><\/p>\n","protected":false},"excerpt":{"rendered":"","protected":false},"author":1,"featured_media":0,"parent":14959,"menu_order":0,"comment_status":"closed","ping_status":"closed","template":"side-navigation.php","meta":[],"_links":{"self":[{"href":"https:\/\/help.epafs.tesicnor.com\/index.php\/wp-json\/wp\/v2\/pages\/15408"}],"collection":[{"href":"https:\/\/help.epafs.tesicnor.com\/index.php\/wp-json\/wp\/v2\/pages"}],"about":[{"href":"https:\/\/help.epafs.tesicnor.com\/index.php\/wp-json\/wp\/v2\/types\/page"}],"author":[{"embeddable":true,"href":"https:\/\/help.epafs.tesicnor.com\/index.php\/wp-json\/wp\/v2\/users\/1"}],"replies":[{"embeddable":true,"href":"https:\/\/help.epafs.tesicnor.com\/index.php\/wp-json\/wp\/v2\/comments?post=15408"}],"version-history":[{"count":2,"href":"https:\/\/help.epafs.tesicnor.com\/index.php\/wp-json\/wp\/v2\/pages\/15408\/revisions"}],"predecessor-version":[{"id":15410,"href":"https:\/\/help.epafs.tesicnor.com\/index.php\/wp-json\/wp\/v2\/pages\/15408\/revisions\/15410"}],"up":[{"embeddable":true,"href":"https:\/\/help.epafs.tesicnor.com\/index.php\/wp-json\/wp\/v2\/pages\/14959"}],"wp:attachment":[{"href":"https:\/\/help.epafs.tesicnor.com\/index.php\/wp-json\/wp\/v2\/media?parent=15408"}],"curies":[{"name":"wp","href":"https:\/\/api.w.org\/{rel}","templated":true}]}}