{"id":15411,"date":"2020-07-10T06:53:50","date_gmt":"2020-07-10T06:53:50","guid":{"rendered":"http:\/\/help.epafs.tesicnor.com\/?page_id=15411"},"modified":"2020-07-10T07:23:52","modified_gmt":"2020-07-10T07:23:52","slug":"3-5-2-asignar-instalaciones-a-una-version-general","status":"publish","type":"page","link":"https:\/\/help.epafs.tesicnor.com\/index.php\/manual-de-usuario\/3-modelos\/3-5-versiones\/3-5-2-asignar-instalaciones-a-una-version-general\/","title":{"rendered":"3.5.2 Asignar instalaciones a una versi\u00f3n general"},"content":{"rendered":"<p><div class=\"fusion-fullwidth fullwidth-box nonhundred-percent-fullwidth non-hundred-percent-height-scrolling\"  style='background-color: rgba(255,255,255,0);background-position: center center;background-repeat: no-repeat;padding-top:0px;padding-right:0px;padding-bottom:0px;padding-left:0px;margin-top: 30px;'><div class=\"fusion-builder-row fusion-row \"><div  class=\"fusion-layout-column fusion_builder_column fusion_builder_column_1_1 fusion-builder-column-1 fusion-one-full fusion-column-first fusion-column-last fusion-blend-mode 1_1\"  style='margin-top:0px;margin-bottom:20px;'>\n\t\t\t\t\t<div class=\"fusion-column-wrapper\" style=\"background-color:#f2f2f2;padding: 10px 0px 0px 10px;background-position:left top;background-repeat:no-repeat;-webkit-background-size:cover;-moz-background-size:cover;-o-background-size:cover;background-size:cover;\"   data-bg-url=\"\">\n\t\t\t\t\t\t<div class=\"fusion-title title fusion-title-1 fusion-sep-none fusion-title-size-one\" style=\"margin-top:0px;margin-bottom:9px;\"><h1 class=\"title-heading-left\" style=\"margin:0;\"><p><strong>3.5.2 Asignar instalaciones a una versi\u00f3n general<br \/>\n<\/strong><\/p><\/h1><\/div><div class=\"fusion-clearfix\"><\/div>\n\n\t\t\t\t\t<\/div>\n\t\t\t\t<\/div><\/div><\/div><div class=\"fusion-fullwidth fullwidth-box nonhundred-percent-fullwidth non-hundred-percent-height-scrolling\"  style='background-color: rgba(255,255,255,0);background-position: center center;background-repeat: no-repeat;padding-top:0px;padding-right:0px;padding-bottom:0px;padding-left:0px;'><div class=\"fusion-builder-row fusion-row \"><div  class=\"fusion-layout-column fusion_builder_column fusion_builder_column_1_1 fusion-builder-column-2 fusion-one-full fusion-column-first fusion-column-last 1_1\"  style='margin-top:0px;margin-bottom:20px;'>\n\t\t\t\t\t<div class=\"fusion-column-wrapper\" style=\"padding: 0px 0px 0px 0px;background-position:left top;background-repeat:no-repeat;-webkit-background-size:cover;-moz-background-size:cover;-o-background-size:cover;background-size:cover;\"   data-bg-url=\"\">\n\t\t\t\t\t\t<div class=\"fusion-text\"><p>Para asignar instalaciones a una versi\u00f3n de este tipo, hay que entrar al detalle de la misma, pulsando en \u00abVista\u00bb en la tabla de versiones.<\/p>\n<\/div><div class=\"imageframe-align-center\"><div class=\"imageframe-liftup fusion-image-frame-bottomshadow image-frame-shadow-1\"><style scoped=\"scoped\">.element-bottomshadow.imageframe-1:before, .element-bottomshadow.imageframe-1:after{-webkit-box-shadow: 0 17px 10px rgba(0,0,0,0.4);box-shadow: 0 17px 10px rgba(0,0,0,0.4);}<\/style><span class=\"fusion-imageframe imageframe-bottomshadow imageframe-1 element-bottomshadow\"><a href=\"http:\/\/help.epafs.tesicnor.com\/wp-content\/uploads\/2020\/07\/model-version-menu-new-code-2-1.png\" class=\"fusion-lightbox\" data-rel=\"iLightbox[7d82d3ae17ec6eb7a22]\" data-title=\"model-version-menu-new-code-2\" title=\"model-version-menu-new-code-2\"><img loading=\"lazy\" src=\"http:\/\/help.epafs.tesicnor.com\/wp-content\/uploads\/2020\/07\/model-version-menu-new-code-2-1.png\" width=\"\" height=\"\" alt=\"\" class=\"img-responsive wp-image-15402\" srcset=\"https:\/\/help.epafs.tesicnor.com\/wp-content\/uploads\/2020\/07\/model-version-menu-new-code-2-1-200x155.png 200w, https:\/\/help.epafs.tesicnor.com\/wp-content\/uploads\/2020\/07\/model-version-menu-new-code-2-1.png 230w\" sizes=\"(max-width: 800px) 100vw, 230px\" \/><\/a><\/span><\/div><\/div><div class=\"fusion-clearfix\"><\/div>\n\n\t\t\t\t\t<\/div>\n\t\t\t\t<\/div><div  class=\"fusion-layout-column fusion_builder_column fusion_builder_column_1_1 fusion-builder-column-3 fusion-one-full fusion-column-first fusion-column-last 1_1\"  style='margin-top:0px;margin-bottom:20px;'>\n\t\t\t\t\t<div class=\"fusion-column-wrapper\" style=\"padding: 0px 0px 0px 0px;background-position:left top;background-repeat:no-repeat;-webkit-background-size:cover;-moz-background-size:cover;-o-background-size:cover;background-size:cover;\"   data-bg-url=\"\">\n\t\t\t\t\t\t<div class=\"fusion-title title fusion-title-2 fusion-sep-none fusion-title-size-two\" style=\"margin-top:0px;margin-bottom:9px;\"><h2 class=\"title-heading-left\" style=\"margin:0;\"><p><strong>Detalle de la versi\u00f3n<br \/>\n<\/strong><\/p><\/h2><\/div><div class=\"imageframe-align-center\"><div class=\"imageframe-liftup fusion-image-frame-bottomshadow image-frame-shadow-2\"><style scoped=\"scoped\">.element-bottomshadow.imageframe-2:before, .element-bottomshadow.imageframe-2:after{-webkit-box-shadow: 0 17px 10px rgba(0,0,0,0.4);box-shadow: 0 17px 10px rgba(0,0,0,0.4);}<\/style><span class=\"fusion-imageframe imageframe-bottomshadow imageframe-2 element-bottomshadow\"><a href=\"http:\/\/help.epafs.tesicnor.com\/wp-content\/uploads\/2020\/07\/version.png\" class=\"fusion-lightbox\" data-rel=\"iLightbox[5add06c5783bf94be6b]\" data-title=\"version\" title=\"version\"><img loading=\"lazy\" src=\"http:\/\/help.epafs.tesicnor.com\/wp-content\/uploads\/2020\/07\/version.png\" width=\"\" height=\"\" alt=\"\" class=\"img-responsive wp-image-15416\" srcset=\"https:\/\/help.epafs.tesicnor.com\/wp-content\/uploads\/2020\/07\/version-200x148.png 200w, https:\/\/help.epafs.tesicnor.com\/wp-content\/uploads\/2020\/07\/version-400x297.png 400w, https:\/\/help.epafs.tesicnor.com\/wp-content\/uploads\/2020\/07\/version-600x445.png 600w, https:\/\/help.epafs.tesicnor.com\/wp-content\/uploads\/2020\/07\/version-800x594.png 800w, https:\/\/help.epafs.tesicnor.com\/wp-content\/uploads\/2020\/07\/version-1200x890.png 1200w, https:\/\/help.epafs.tesicnor.com\/wp-content\/uploads\/2020\/07\/version.png 1263w\" sizes=\"(max-width: 800px) 100vw, 1263px\" \/><\/a><\/span><\/div><\/div><div class=\"fusion-clearfix\"><\/div>\n\n\t\t\t\t\t<\/div>\n\t\t\t\t<\/div><div  class=\"fusion-layout-column fusion_builder_column fusion_builder_column_1_1 fusion-builder-column-4 fusion-one-full fusion-column-first fusion-column-last 1_1\"  style='margin-top:0px;margin-bottom:20px;'>\n\t\t\t\t\t<div class=\"fusion-column-wrapper\" style=\"padding: 0px 0px 0px 0px;background-position:left top;background-repeat:no-repeat;-webkit-background-size:cover;-moz-background-size:cover;-o-background-size:cover;background-size:cover;\"   data-bg-url=\"\">\n\t\t\t\t\t\t<div class=\"fusion-text\"><p>En esta vista podemos ver todos los datos de una versi\u00f3n, tanto los datos que vienen del modelo (sus detalles y librer\u00eda) como los de la propia versi\u00f3n: sus detalles, el procedimiento, im\u00e1genes y un c\u00f3digo QR para ver la versi\u00f3n desde cualquier dispositivo con conexi\u00f3n a internet.<\/p>\n<p>Tos los datos de la versi\u00f3n, incluyendo el procedimiento y las im\u00e1genes, se pueden editar desde el men\u00fa de \u00abAcciones\u00bb, excepto el QR.<\/p>\n<\/div><div class=\"fusion-text\"><p>Adem\u00e1s, se pueden ver todas las instalaciones en las que se encuentra esta versi\u00f3n del modelo.<\/p>\n<\/div><div class=\"fusion-clearfix\"><\/div>\n\n\t\t\t\t\t<\/div>\n\t\t\t\t<\/div><div  class=\"fusion-layout-column fusion_builder_column fusion_builder_column_1_1 fusion-builder-column-5 fusion-one-full fusion-column-first fusion-column-last 1_1\"  style='margin-top:0px;margin-bottom:20px;'>\n\t\t\t\t\t<div class=\"fusion-column-wrapper\" style=\"padding: 0px 0px 0px 0px;background-position:left top;background-repeat:no-repeat;-webkit-background-size:cover;-moz-background-size:cover;-o-background-size:cover;background-size:cover;\"   data-bg-url=\"\">\n\t\t\t\t\t\t<div class=\"fusion-title title fusion-title-3 fusion-sep-none fusion-title-size-two\" style=\"margin-top:0px;margin-bottom:9px;\"><h2 class=\"title-heading-left\" style=\"margin:0;\"><p><strong>Asignar instalaciones<br \/>\n<\/strong><\/p><\/h2><\/div><div class=\"fusion-text\"><p>Para asignar instalaciones a una versi\u00f3n, hay que abrir el men\u00fa de \u00abAcciones\u00bb y pulsar en \u00ab+ Central\u00bb.<\/p>\n<\/div><div class=\"imageframe-align-center\"><div class=\"imageframe-liftup fusion-image-frame-bottomshadow image-frame-shadow-3\"><style scoped=\"scoped\">.element-bottomshadow.imageframe-3:before, .element-bottomshadow.imageframe-3:after{-webkit-box-shadow: 0 17px 10px rgba(0,0,0,0.4);box-shadow: 0 17px 10px rgba(0,0,0,0.4);}<\/style><span class=\"fusion-imageframe imageframe-bottomshadow imageframe-3 element-bottomshadow\"><a href=\"http:\/\/help.epafs.tesicnor.com\/wp-content\/uploads\/2020\/07\/version-workplace-add.png\" class=\"fusion-lightbox\" data-rel=\"iLightbox[ad3174a92b0e80ae383]\" data-title=\"version-workplace-add\" title=\"version-workplace-add\"><img loading=\"lazy\" src=\"http:\/\/help.epafs.tesicnor.com\/wp-content\/uploads\/2020\/07\/version-workplace-add.png\" width=\"\" height=\"\" alt=\"\" class=\"img-responsive wp-image-15422\"\/><\/a><\/span><\/div><\/div><div class=\"fusion-text\"><p>Se mostrar\u00e1 la ventana de m\u00e1s abajo. Para asignar una nueva instalaci\u00f3n, hay que seleccionarla de la lista de la izuierda y pulsar en \u00abCopiar\u00bb. Para quitar una instalaci\u00f3n asignada, hay que seleccionarla de la lista de la derecha y pulsar en \u00abEliminar\u00bb. Los cambios no surtir\u00e1n efecto hasta que se pulse en \u00abSave\u00bb (guardar).<\/p>\n<\/div><div class=\"imageframe-align-center\"><div class=\"imageframe-liftup fusion-image-frame-bottomshadow image-frame-shadow-4\"><style scoped=\"scoped\">.element-bottomshadow.imageframe-4:before, .element-bottomshadow.imageframe-4:after{-webkit-box-shadow: 0 17px 10px rgba(0,0,0,0.4);box-shadow: 0 17px 10px rgba(0,0,0,0.4);}<\/style><span class=\"fusion-imageframe imageframe-bottomshadow imageframe-4 element-bottomshadow\"><a href=\"http:\/\/help.epafs.tesicnor.com\/wp-content\/uploads\/2020\/07\/version-workplaces.png\" class=\"fusion-lightbox\" data-rel=\"iLightbox[853c7432acbb3370e93]\" data-title=\"version-workplaces\" title=\"version-workplaces\"><img loading=\"lazy\" src=\"http:\/\/help.epafs.tesicnor.com\/wp-content\/uploads\/2020\/07\/version-workplaces.png\" width=\"\" height=\"\" alt=\"\" class=\"img-responsive wp-image-15424\" srcset=\"https:\/\/help.epafs.tesicnor.com\/wp-content\/uploads\/2020\/07\/version-workplaces-200x170.png 200w, https:\/\/help.epafs.tesicnor.com\/wp-content\/uploads\/2020\/07\/version-workplaces-400x339.png 400w, https:\/\/help.epafs.tesicnor.com\/wp-content\/uploads\/2020\/07\/version-workplaces.png 600w\" sizes=\"(max-width: 800px) 100vw, 600px\" \/><\/a><\/span><\/div><\/div><div class=\"fusion-clearfix\"><\/div>\n\n\t\t\t\t\t<\/div>\n\t\t\t\t<\/div><\/div><\/div><\/p>\n","protected":false},"excerpt":{"rendered":"","protected":false},"author":1,"featured_media":0,"parent":14959,"menu_order":0,"comment_status":"closed","ping_status":"closed","template":"side-navigation.php","meta":[],"_links":{"self":[{"href":"https:\/\/help.epafs.tesicnor.com\/index.php\/wp-json\/wp\/v2\/pages\/15411"}],"collection":[{"href":"https:\/\/help.epafs.tesicnor.com\/index.php\/wp-json\/wp\/v2\/pages"}],"about":[{"href":"https:\/\/help.epafs.tesicnor.com\/index.php\/wp-json\/wp\/v2\/types\/page"}],"author":[{"embeddable":true,"href":"https:\/\/help.epafs.tesicnor.com\/index.php\/wp-json\/wp\/v2\/users\/1"}],"replies":[{"embeddable":true,"href":"https:\/\/help.epafs.tesicnor.com\/index.php\/wp-json\/wp\/v2\/comments?post=15411"}],"version-history":[{"count":10,"href":"https:\/\/help.epafs.tesicnor.com\/index.php\/wp-json\/wp\/v2\/pages\/15411\/revisions"}],"predecessor-version":[{"id":15425,"href":"https:\/\/help.epafs.tesicnor.com\/index.php\/wp-json\/wp\/v2\/pages\/15411\/revisions\/15425"}],"up":[{"embeddable":true,"href":"https:\/\/help.epafs.tesicnor.com\/index.php\/wp-json\/wp\/v2\/pages\/14959"}],"wp:attachment":[{"href":"https:\/\/help.epafs.tesicnor.com\/index.php\/wp-json\/wp\/v2\/media?parent=15411"}],"curies":[{"name":"wp","href":"https:\/\/api.w.org\/{rel}","templated":true}]}}